{"id":18739,"date":"2023-09-25T10:07:50","date_gmt":"2023-09-25T07:07:50","guid":{"rendered":"https:\/\/kdf.ee\/our-team\/"},"modified":"2025-10-29T10:09:41","modified_gmt":"2025-10-29T08:09:41","slug":"our-team","status":"publish","type":"page","link":"https:\/\/kdf.ee\/en\/our-team\/","title":{"rendered":"Our team"},"content":{"rendered":"\t\t<div data-elementor-type=\"wp-page\" data-elementor-id=\"18739\" class=\"elementor elementor-18739 elementor-18730\">\n\t\t\t\t\t\t<section class=\"elementor-section elementor-top-section elementor-element elementor-element-7d3c8ca elementor-section-boxed elementor-section-height-default elementor-section-height-default\" data-id=\"7d3c8ca\" data-element_type=\"section\">\n\t\t\t\t\t\t<div class=\"elementor-container elementor-column-gap-default\">\n\t\t\t\t\t<div class=\"elementor-column elementor-col-100 elementor-top-column elementor-element elementor-element-bf83623\" data-id=\"bf83623\" data-element_type=\"column\">\n\t\t\t<div class=\"elementor-widget-wrap elementor-element-populated\">\n\t\t\t\t\t\t<div class=\"elementor-element elementor-element-cc76fd0 elementor-widget elementor-widget-houzez_elementor_agents_grid\" data-id=\"cc76fd0\" data-element_type=\"widget\" data-widget_type=\"houzez_elementor_agents_grid.default\">\n\t\t\t\t<div class=\"elementor-widget-container\">\n\t\t\t\t\t\n        <div class=\"agent-v2-grid-module agents-grid-view agent-v2-grid-module agents-grid-view row row-cols-1 row-cols-md-2 row-cols-lg-3 row-cols-xl-3 g-3\">\n        \n            <div class=\"agent-grid-container\">\n\t<div class=\"agent-grid-wrap d-flex flex-column align-items-center\" role=\"article\" aria-labelledby=\"agent-name-18495\">\t\n\t\t<div class=\"agent-grid-image-wrap p-4 text-center\">\n\t\t\t<a class=\"agent-grid-image mx-auto mb-4\" href=\"https:\/\/kdf.ee\/en\/agent\/diana-koor\/\">\n\t\t\t\t<img fetchpriority=\"high\" decoding=\"async\" width=\"780\" height=\"780\" src=\"https:\/\/kdf.ee\/wp-content\/uploads\/2025\/10\/2026-01-08-14.25.28-780x780.jpg\" class=\"img-fluid img-circled wp-post-image\" alt=\"\" \/>\t\t\t\t\n\t\t\t<\/a>\n\t\t\t<h2 id=\"agent-name-18495\"><a href=\"https:\/\/kdf.ee\/en\/agent\/diana-koor\/\">Diana Koor<\/a><\/h2>\n\t\t\t\t\t\t<div class=\"agent-list-position\" role=\"text\">CEO<\/div>\n\t\t\t\t\t<\/div>\n\t\t<div class=\"agent-grid-content-wrap d-flex flex-column align-items-center text-center p-3 w-100\">\n\t\t\t<ul class=\"agent-list-contact list-unstyled\" role=\"list\">\n\t\t\t\t\n\t\t\t\t\t\t\t\t<li class=\"agent-languages-list\" role=\"listitem\">Language: <strong>Eng, Est, Rus, It<\/strong><\/li>\n\t\t\t\t\t\t\t<\/ul>\n\t\t\t<a class=\"btn btn-primary-outlined w-100\" href=\"https:\/\/kdf.ee\/en\/agent\/diana-koor\/\">\n\t\t\t\tView Profile<\/a>\n\t\t<\/div>\n\t<\/div>\n<\/div><div class=\"agent-grid-container\">\n\t<div class=\"agent-grid-wrap d-flex flex-column align-items-center\" role=\"article\" aria-labelledby=\"agent-name-18710\">\t\n\t\t<div class=\"agent-grid-image-wrap p-4 text-center\">\n\t\t\t<a class=\"agent-grid-image mx-auto mb-4\" href=\"https:\/\/kdf.ee\/en\/agent\/kristina-bolona\/\">\n\t\t\t\t<img decoding=\"async\" width=\"780\" height=\"780\" src=\"https:\/\/kdf.ee\/wp-content\/uploads\/2025\/10\/kris-780x780.jpg\" class=\"img-fluid img-circled wp-post-image\" alt=\"\" \/>\t\t\t\t\n\t\t\t<\/a>\n\t\t\t<h2 id=\"agent-name-18710\"><a href=\"https:\/\/kdf.ee\/en\/agent\/kristina-bolona\/\">Kristina B\u00f5l\u00f5na<\/a><\/h2>\n\t\t\t\t\t\t<div class=\"agent-list-position\" role=\"text\">Marketing Director<\/div>\n\t\t\t\t\t<\/div>\n\t\t<div class=\"agent-grid-content-wrap d-flex flex-column align-items-center text-center p-3 w-100\">\n\t\t\t<ul class=\"agent-list-contact list-unstyled\" role=\"list\">\n\t\t\t\t\n\t\t\t\t\t\t\t\t<li class=\"agent-languages-list\" role=\"listitem\">Language: <strong>Eng, Est, Rus<\/strong><\/li>\n\t\t\t\t\t\t\t<\/ul>\n\t\t\t<a class=\"btn btn-primary-outlined w-100\" href=\"https:\/\/kdf.ee\/en\/agent\/kristina-bolona\/\">\n\t\t\t\tView Profile<\/a>\n\t\t<\/div>\n\t<\/div>\n<\/div><div class=\"agent-grid-container\">\n\t<div class=\"agent-grid-wrap d-flex flex-column align-items-center\" role=\"article\" aria-labelledby=\"agent-name-19446\">\t\n\t\t<div class=\"agent-grid-image-wrap p-4 text-center\">\n\t\t\t<a class=\"agent-grid-image mx-auto mb-4\" href=\"https:\/\/kdf.ee\/en\/agent\/vladimir\/\">\n\t\t\t\t<img decoding=\"async\" width=\"780\" height=\"779\" src=\"https:\/\/kdf.ee\/wp-content\/uploads\/2025\/10\/Vladimirr-780x779.jpg\" class=\"img-fluid img-circled wp-post-image\" alt=\"\" \/>\t\t\t\t\n\t\t\t<\/a>\n\t\t\t<h2 id=\"agent-name-19446\"><a href=\"https:\/\/kdf.ee\/en\/agent\/vladimir\/\">Vladimir Gegamjan<\/a><\/h2>\n\t\t\t\t\t\t<div class=\"agent-list-position\" role=\"text\">Modular Homes Project Manager<\/div>\n\t\t\t\t\t<\/div>\n\t\t<div class=\"agent-grid-content-wrap d-flex flex-column align-items-center text-center p-3 w-100\">\n\t\t\t<ul class=\"agent-list-contact list-unstyled\" role=\"list\">\n\t\t\t\t\n\t\t\t\t\t\t\t\t<li class=\"agent-languages-list\" role=\"listitem\">Language: <strong>Eng, Est, Rus<\/strong><\/li>\n\t\t\t\t\t\t\t<\/ul>\n\t\t\t<a class=\"btn btn-primary-outlined w-100\" href=\"https:\/\/kdf.ee\/en\/agent\/vladimir\/\">\n\t\t\t\tView Profile<\/a>\n\t\t<\/div>\n\t<\/div>\n<\/div><div class=\"agent-grid-container\">\n\t<div class=\"agent-grid-wrap d-flex flex-column align-items-center\" role=\"article\" aria-labelledby=\"agent-name-18991\">\t\n\t\t<div class=\"agent-grid-image-wrap p-4 text-center\">\n\t\t\t<a class=\"agent-grid-image mx-auto mb-4\" href=\"https:\/\/kdf.ee\/en\/agent\/veronica\/\">\n\t\t\t\t<img loading=\"lazy\" decoding=\"async\" width=\"780\" height=\"780\" src=\"https:\/\/kdf.ee\/wp-content\/uploads\/2025\/10\/Vero-780x780.jpg\" class=\"img-fluid img-circled wp-post-image\" alt=\"\" \/>\t\t\t\t\n\t\t\t<\/a>\n\t\t\t<h2 id=\"agent-name-18991\"><a href=\"https:\/\/kdf.ee\/en\/agent\/veronica\/\">Veronica Harjaks<\/a><\/h2>\n\t\t\t\t\t\t<div class=\"agent-list-position\" role=\"text\">Real Estate &amp; Modular Homes Agent<\/div>\n\t\t\t\t\t<\/div>\n\t\t<div class=\"agent-grid-content-wrap d-flex flex-column align-items-center text-center p-3 w-100\">\n\t\t\t<ul class=\"agent-list-contact list-unstyled\" role=\"list\">\n\t\t\t\t\n\t\t\t\t\t\t\t\t<li class=\"agent-languages-list\" role=\"listitem\">Language: <strong>Est, Rus, Eng, Fin<\/strong><\/li>\n\t\t\t\t\t\t\t<\/ul>\n\t\t\t<a class=\"btn btn-primary-outlined w-100\" href=\"https:\/\/kdf.ee\/en\/agent\/veronica\/\">\n\t\t\t\tView Profile<\/a>\n\t\t<\/div>\n\t<\/div>\n<\/div><div class=\"agent-grid-container\">\n\t<div class=\"agent-grid-wrap d-flex flex-column align-items-center\" role=\"article\" aria-labelledby=\"agent-name-19413\">\t\n\t\t<div class=\"agent-grid-image-wrap p-4 text-center\">\n\t\t\t<a class=\"agent-grid-image mx-auto mb-4\" href=\"https:\/\/kdf.ee\/en\/agent\/lina-ivanova\/\">\n\t\t\t\t<img loading=\"lazy\" decoding=\"async\" width=\"780\" height=\"780\" src=\"https:\/\/kdf.ee\/wp-content\/uploads\/2025\/10\/Lina-780x780.jpg\" class=\"img-fluid img-circled wp-post-image\" alt=\"\" \/>\t\t\t\t\n\t\t\t<\/a>\n\t\t\t<h2 id=\"agent-name-19413\"><a href=\"https:\/\/kdf.ee\/en\/agent\/lina-ivanova\/\">Lina Ivanova<\/a><\/h2>\n\t\t\t\t\t\t<div class=\"agent-list-position\" role=\"text\">Real Estate &amp; Modular Homes Agent<\/div>\n\t\t\t\t\t<\/div>\n\t\t<div class=\"agent-grid-content-wrap d-flex flex-column align-items-center text-center p-3 w-100\">\n\t\t\t<ul class=\"agent-list-contact list-unstyled\" role=\"list\">\n\t\t\t\t\n\t\t\t\t\t\t\t\t<li class=\"agent-languages-list\" role=\"listitem\">Language: <strong>Eng, Est, Rus<\/strong><\/li>\n\t\t\t\t\t\t\t<\/ul>\n\t\t\t<a class=\"btn btn-primary-outlined w-100\" href=\"https:\/\/kdf.ee\/en\/agent\/lina-ivanova\/\">\n\t\t\t\tView Profile<\/a>\n\t\t<\/div>\n\t<\/div>\n<\/div><div class=\"agent-grid-container\">\n\t<div class=\"agent-grid-wrap d-flex flex-column align-items-center\" role=\"article\" aria-labelledby=\"agent-name-19460\">\t\n\t\t<div class=\"agent-grid-image-wrap p-4 text-center\">\n\t\t\t<a class=\"agent-grid-image mx-auto mb-4\" href=\"https:\/\/kdf.ee\/en\/agent\/erik-zimin\/\">\n\t\t\t\t<img loading=\"lazy\" decoding=\"async\" width=\"780\" height=\"780\" src=\"https:\/\/kdf.ee\/wp-content\/uploads\/2025\/10\/ErikZim-780x780.jpg\" class=\"img-fluid img-circled wp-post-image\" alt=\"\" \/>\t\t\t\t\n\t\t\t<\/a>\n\t\t\t<h2 id=\"agent-name-19460\"><a href=\"https:\/\/kdf.ee\/en\/agent\/erik-zimin\/\">Erik Zimin<\/a><\/h2>\n\t\t\t\t\t\t<div class=\"agent-list-position\" role=\"text\">Real Estate &amp; Modular Homes Agent<\/div>\n\t\t\t\t\t<\/div>\n\t\t<div class=\"agent-grid-content-wrap d-flex flex-column align-items-center text-center p-3 w-100\">\n\t\t\t<ul class=\"agent-list-contact list-unstyled\" role=\"list\">\n\t\t\t\t\n\t\t\t\t\t\t\t\t<li class=\"agent-languages-list\" role=\"listitem\">Language: <strong>Eng, Est, Rus, De<\/strong><\/li>\n\t\t\t\t\t\t\t<\/ul>\n\t\t\t<a class=\"btn btn-primary-outlined w-100\" href=\"https:\/\/kdf.ee\/en\/agent\/erik-zimin\/\">\n\t\t\t\tView Profile<\/a>\n\t\t<\/div>\n\t<\/div>\n<\/div>        <\/div><!-- agent-module -->\n\n        \n        \t\t\t\t<\/div>\n\t\t\t\t<\/div>\n\t\t\t\t\t<\/div>\n\t\t<\/div>\n\t\t\t\t\t<\/div>\n\t\t<\/section>\n\t\t\t\t<\/div>\n\t\t","protected":false},"excerpt":{"rendered":"<p>Diana Koor CEO Language: Eng, Est, Rus, It View Profile Kristina B\u00f5l\u00f5na Marketing Director Language: Eng, Est, Rus View Profile Erik Bogat\u0161ov Modular House Project Manager Language: Eng, Est, Rus View Profile Lina Ivanova Local Real Estate Agent Language: Est, Rus View Profile Erik Zimin Local Real Estate Agent Language: Eng, Est, Rus, De View [&hellip;]<\/p>\n","protected":false},"author":1,"featured_media":18783,"parent":0,"menu_order":0,"comment_status":"closed","ping_status":"closed","template":"","meta":{"content-type":"","footnotes":""},"class_list":["post-18739","page","type-page","status-publish","has-post-thumbnail","hentry"],"_links":{"self":[{"href":"https:\/\/kdf.ee\/en\/wp-json\/wp\/v2\/pages\/18739","targetHints":{"allow":["GET"]}}],"collection":[{"href":"https:\/\/kdf.ee\/en\/wp-json\/wp\/v2\/pages"}],"about":[{"href":"https:\/\/kdf.ee\/en\/wp-json\/wp\/v2\/types\/page"}],"author":[{"embeddable":true,"href":"https:\/\/kdf.ee\/en\/wp-json\/wp\/v2\/users\/1"}],"replies":[{"embeddable":true,"href":"https:\/\/kdf.ee\/en\/wp-json\/wp\/v2\/comments?post=18739"}],"version-history":[{"count":9,"href":"https:\/\/kdf.ee\/en\/wp-json\/wp\/v2\/pages\/18739\/revisions"}],"predecessor-version":[{"id":19489,"href":"https:\/\/kdf.ee\/en\/wp-json\/wp\/v2\/pages\/18739\/revisions\/19489"}],"wp:featuredmedia":[{"embeddable":true,"href":"https:\/\/kdf.ee\/en\/wp-json\/wp\/v2\/media\/18783"}],"wp:attachment":[{"href":"https:\/\/kdf.ee\/en\/wp-json\/wp\/v2\/media?parent=18739"}],"curies":[{"name":"wp","href":"https:\/\/api.w.org\/{rel}","templated":true}]}}